{"id":8,"date":"2020-04-05T23:03:35","date_gmt":"2020-04-05T21:03:35","guid":{"rendered":"http:\/\/localhost:8888\/wordpress\/?page_id=7"},"modified":"2020-04-21T07:12:34","modified_gmt":"2020-04-21T07:12:34","slug":"om","status":"publish","type":"page","link":"http:\/\/aikidogoteborg.se\/?page_id=8","title":{"rendered":"Om oss"},"content":{"rendered":"\n<h1 class=\"has-text-align-center wp-block-heading\"><span class=\"has-inline-color has-neve-link-color-color\">Traditionell Aikido sedan 1969<\/span><\/h1>\n\n\n\n<div style=\"height:20px\" aria-hidden=\"true\" class=\"wp-block-spacer\"><\/div>\n\n\n\n<div class=\"wp-block-media-text alignfull is-stacked-on-mobile is-image-fill has-background\" style=\"background-color:#094068;grid-template-columns:54% auto\"><figure class=\"wp-block-media-text__media\" style=\"background-image:url(http:\/\/media.aikidogoteborg.se\/2020\/04\/IMG_3253_red-1024x594.jpg);background-position:50% 50%\"><img loading=\"lazy\" decoding=\"async\" width=\"1024\" height=\"594\" src=\"http:\/\/media.aikidogoteborg.se\/2020\/04\/IMG_3253_red-1024x594.jpg\" alt=\"\" class=\"wp-image-463\" srcset=\"http:\/\/media.aikidogoteborg.se\/2020\/04\/IMG_3253_red-1024x594.jpg 1024w, http:\/\/media.aikidogoteborg.se\/2020\/04\/IMG_3253_red-300x174.jpg 300w, http:\/\/media.aikidogoteborg.se\/2020\/04\/IMG_3253_red-768x445.jpg 768w, http:\/\/media.aikidogoteborg.se\/2020\/04\/IMG_3253_red-1536x891.jpg 1536w, http:\/\/media.aikidogoteborg.se\/2020\/04\/IMG_3253_red.jpg 1600w\" sizes=\"auto, (max-width: 1024px) 100vw, 1024px\" \/><\/figure><div class=\"wp-block-media-text__content\">\n<div style=\"height:80px\" aria-hidden=\"true\" class=\"wp-block-spacer\"><\/div>\n\n\n\n<p class=\"wp-block-paragraph\" style=\"font-size:20px\"><strong><span class=\"has-inline-color has-white-color\">Som en av Sveriges \u00e4ldsta och st\u00f6rsta Aikidof\u00f6reningar \u00e4r G\u00f6teborgs Aikidoklubb p\u00e5 flera s\u00e4tt unik.<\/span><\/strong><\/p>\n\n\n\n<p class=\"wp-block-paragraph\" style=\"font-size:20px\"><strong><span class=\"has-inline-color has-white-color\">V\u00e5r huvudinstrukt\u00f6r, Shihan Ulf Even\u00e5s, 7 dan har varit med sedan klubben startade 1969 och \u00e4r i dag ett av de internationellt mest k\u00e4nda namnen inom Aikido.<\/span><\/strong><\/p>\n\n\n\n<p class=\"wp-block-paragraph\" style=\"font-size:20px\"><strong><span class=\"has-inline-color has-white-color\">Klubben \u00e4r ocks\u00e5 ett internationellt nav som regelbundet arrangerar l\u00e4ger med deltagare fr\u00e5n hela v\u00e4rlden.<\/span><\/strong><\/p>\n\n\n\n<div style=\"height:80px\" aria-hidden=\"true\" class=\"wp-block-spacer\"><\/div>\n<\/div><\/div>\n\n\n\n<div style=\"height:60px\" aria-hidden=\"true\" class=\"wp-block-spacer\"><\/div>\n\n\n\n<h3 class=\"wp-block-heading\"><span style=\"color:#094068\" class=\"has-inline-color\">Traditionell Aikido \u2013 v\u00e5r Aikido<\/span><\/h3>\n\n\n\n<div class=\"wp-block-group\"><div class=\"wp-block-group__inner-container is-layout-flow wp-block-group-is-layout-flow\">\n<p class=\"wp-block-paragraph\">G\u00f6teborgs Aikidoklubb tillh\u00f6r en skola som utg\u00e5r direkt fr\u00e5n <a rel=\"noreferrer noopener\" href=\"https:\/\/en.wikipedia.org\/wiki\/Iwama_D%C5%8Dj%C5%8D\" target=\"_blank\"><span style=\"color:#094068\" class=\"has-inline-color\">Iwama Dojo<\/span><\/a> i Japan d\u00e4r grundaren, Morihei Ueshiba utvecklade sin kampkonst. Hans n\u00e4rmsta elev, Shihan Morihiro Saito, 9 dan fortsatte undervisa Osenseis (grundarens) Aikido of\u00f6r\u00e4ndrad fram till sin bortg\u00e5ng 2002. <br><br>V\u00e5r huvudinstrukt\u00f6r Ulf Even\u00e5s, b\u00f6rjade tr\u00e4na f\u00f6r Morihiro Saito under tidigt sjuttiotal och kom i sin tur att bli en av dennes n\u00e4rmsta elever och personliga representant i internationella sammanhang. Ulf forts\u00e4tter of\u00f6rtrutet undervisa denna ursprungliga Aikido \u00f6ver stora delar av v\u00e4rlden \u00e4n i dag.<br><br>Denna skola ben\u00e4mns Takemusu Aikido eller Traditionell Aikido och har ett par utm\u00e4rkande s\u00e4rdrag.<\/p>\n\n\n\n<div style=\"height:20px\" aria-hidden=\"true\" class=\"wp-block-spacer\"><\/div>\n<\/div><\/div>\n\n\n\n<h3 class=\"wp-block-heading\"><span style=\"color:#094068\" class=\"has-inline-color\">Kihon waza \u2013 grundtekniker <\/span><\/h3>\n\n\n\n<p class=\"wp-block-paragraph\">Grunden \u00e4r allt. F\u00f6r att du skall utvecklas och bli b\u00e4ttre p\u00e5 n\u00e5got m\u00e5ste du f\u00f6rst l\u00e4ra dig grunden. Det spelar ingen roll om det \u00e4r matematik, musik eller idrott. D\u00e4rf\u00f6r l\u00e4gger vi stor vikt vid grundtekniker. \u00c4ven de som har tr\u00e4nat i m\u00e5nga \u00e5r tr\u00e4nar grundtekniker f\u00f6r att forts\u00e4tta utvecklas, liksom en konsertpianist forts\u00e4tter med skalor och finger\u00f6vningar.<\/p>\n\n\n\n<div style=\"height:20px\" aria-hidden=\"true\" class=\"wp-block-spacer\"><\/div>\n\n\n\n<h3 class=\"wp-block-heading\"><span style=\"color:#094068\" class=\"has-inline-color\">Riai \u2013 principernas harmoni<\/span><\/h3>\n\n\n\n<p class=\"wp-block-paragraph\">I Traditionell Aikido ing\u00e5r tekniker med tr\u00e4sv\u00e4rd (bokken), tr\u00e4stav (jo) och tekniker utan vapen (tai jutsu). Dessa bildar en helhet som kallas riai. <br><br>Riai inneb\u00e4r att principerna \u00e4r de samma oavsett om teknikerna \u00e4r med eller utan vapen. Genom att tr\u00e4na helheten f\u00f6rdjupas kunskapen och f\u00f6rst\u00e5elsen av Aikido p\u00e5 ett s\u00e4tt som \u00e4r om\u00f6jligt om man bara tr\u00e4nar en enskild del.<\/p>\n\n\n\n<div style=\"height:50px\" aria-hidden=\"true\" class=\"wp-block-spacer\"><\/div>\n\n\n\n<div class=\"wp-block-columns alignwide is-layout-flex wp-container-core-columns-is-layout-8f761849 wp-block-columns-is-layout-flex\">\n<div class=\"wp-block-column is-layout-flow wp-block-column-is-layout-flow\">\n<figure class=\"wp-block-image size-large is-resized is-style-default\"><img loading=\"lazy\" decoding=\"async\" src=\"http:\/\/media.aikidogoteborg.se\/2020\/04\/morihei-ueshiba-kiai-1024x728.jpg\" alt=\"\" class=\"wp-image-464\" width=\"336\" height=\"238\" srcset=\"http:\/\/media.aikidogoteborg.se\/2020\/04\/morihei-ueshiba-kiai-1024x728.jpg 1024w, http:\/\/media.aikidogoteborg.se\/2020\/04\/morihei-ueshiba-kiai-300x213.jpg 300w, http:\/\/media.aikidogoteborg.se\/2020\/04\/morihei-ueshiba-kiai-768x546.jpg 768w, http:\/\/media.aikidogoteborg.se\/2020\/04\/morihei-ueshiba-kiai.jpg 1500w\" sizes=\"auto, (max-width: 336px) 100vw, 336px\" \/><figcaption><a href=\"https:\/\/en.wikipedia.org\/wiki\/Morihei_Ueshiba\" target=\"_blank\" rel=\"noreferrer noopener\"><span style=\"color:#094068\" class=\"has-inline-color\">Osensei Morihei Ueshiba<\/span><\/a><\/figcaption><\/figure>\n<\/div>\n\n\n\n<div class=\"wp-block-column is-layout-flow wp-block-column-is-layout-flow\">\n<figure class=\"wp-block-image size-large is-resized is-style-default\"><img loading=\"lazy\" decoding=\"async\" src=\"http:\/\/media.aikidogoteborg.se\/2020\/04\/morihiro-saito-koshinage.jpg\" alt=\"\" class=\"wp-image-465\" width=\"318\" height=\"238\" srcset=\"http:\/\/media.aikidogoteborg.se\/2020\/04\/morihiro-saito-koshinage.jpg 640w, http:\/\/media.aikidogoteborg.se\/2020\/04\/morihiro-saito-koshinage-300x225.jpg 300w\" sizes=\"auto, (max-width: 318px) 100vw, 318px\" \/><figcaption><a href=\"https:\/\/en.wikipedia.org\/wiki\/Morihiro_Saito\" target=\"_blank\" rel=\"noreferrer noopener\"><span style=\"color:#094068\" class=\"has-inline-color\">Shihan Morihiro Saito<\/span><\/a><\/figcaption><\/figure>\n<\/div>\n\n\n\n<div class=\"wp-block-column is-layout-flow wp-block-column-is-layout-flow\">\n<figure class=\"wp-block-image size-large is-resized is-style-default\"><img loading=\"lazy\" decoding=\"async\" src=\"http:\/\/media.aikidogoteborg.se\/2020\/04\/ulf02-1024x683.jpg\" alt=\"\" class=\"wp-image-466\" width=\"358\" height=\"238\" srcset=\"http:\/\/media.aikidogoteborg.se\/2020\/04\/ulf02-1024x683.jpg 1024w, http:\/\/media.aikidogoteborg.se\/2020\/04\/ulf02-300x200.jpg 300w, http:\/\/media.aikidogoteborg.se\/2020\/04\/ulf02-768x512.jpg 768w, http:\/\/media.aikidogoteborg.se\/2020\/04\/ulf02.jpg 1200w\" sizes=\"auto, (max-width: 358px) 100vw, 358px\" \/><figcaption><a href=\"https:\/\/sv.wikipedia.org\/wiki\/Ulf_Even%C3%A5s\" target=\"_blank\" rel=\"noreferrer noopener\"><span style=\"color:#094068\" class=\"has-inline-color\">Shihan Ulf Even\u00e5s<\/span><\/a><\/figcaption><\/figure>\n\n\n\n<p class=\"wp-block-paragraph\"><\/p>\n<\/div>\n<\/div>\n","protected":false},"excerpt":{"rendered":"<p>Traditionell Aikido sedan 1969 Traditionell Aikido \u2013 v\u00e5r Aikido G\u00f6teborgs Aikidoklubb tillh\u00f6r en skola som utg\u00e5r direkt fr\u00e5n Iwama Dojo i Japan d\u00e4r grundaren, Morihei Ueshiba utvecklade sin kampkonst. Hans n\u00e4rmsta elev, Shihan Morihiro Saito, 9 dan fortsatte undervisa Osenseis (grundarens) Aikido of\u00f6r\u00e4ndrad fram till sin bortg\u00e5ng 2002. V\u00e5r huvudinstrukt\u00f6r Ulf Even\u00e5s, b\u00f6rjade tr\u00e4na f\u00f6r&hellip;&nbsp;<a href=\"http:\/\/aikidogoteborg.se\/?page_id=8\" rel=\"bookmark\">L\u00e4s mer &raquo;<span class=\"screen-reader-text\">Om oss<\/span><\/a><\/p>\n","protected":false},"author":1,"featured_media":0,"parent":0,"menu_order":0,"comment_status":"closed","ping_status":"closed","template":"","meta":{"_crdt_document":"","neve_meta_sidebar":"","neve_meta_container":"","neve_meta_enable_content_width":"off","neve_meta_content_width":0,"neve_meta_title_alignment":"","neve_meta_author_avatar":"","neve_post_elements_order":"","neve_meta_disable_header":"","neve_meta_disable_footer":"","neve_meta_disable_title":"on","_themeisle_gutenberg_block_has_review":false,"footnotes":""},"class_list":["post-8","page","type-page","status-publish","hentry"],"_links":{"self":[{"href":"http:\/\/aikidogoteborg.se\/index.php?rest_route=\/wp\/v2\/pages\/8","targetHints":{"allow":["GET"]}}],"collection":[{"href":"http:\/\/aikidogoteborg.se\/index.php?rest_route=\/wp\/v2\/pages"}],"about":[{"href":"http:\/\/aikidogoteborg.se\/index.php?rest_route=\/wp\/v2\/types\/page"}],"author":[{"embeddable":true,"href":"http:\/\/aikidogoteborg.se\/index.php?rest_route=\/wp\/v2\/users\/1"}],"replies":[{"embeddable":true,"href":"http:\/\/aikidogoteborg.se\/index.php?rest_route=%2Fwp%2Fv2%2Fcomments&post=8"}],"version-history":[{"count":11,"href":"http:\/\/aikidogoteborg.se\/index.php?rest_route=\/wp\/v2\/pages\/8\/revisions"}],"predecessor-version":[{"id":613,"href":"http:\/\/aikidogoteborg.se\/index.php?rest_route=\/wp\/v2\/pages\/8\/revisions\/613"}],"wp:attachment":[{"href":"http:\/\/aikidogoteborg.se\/index.php?rest_route=%2Fwp%2Fv2%2Fmedia&parent=8"}],"curies":[{"name":"wp","href":"https:\/\/api.w.org\/{rel}","templated":true}]}}